{"id":3719,"date":"2025-09-20T10:20:56","date_gmt":"2025-09-20T15:20:56","guid":{"rendered":"https:\/\/todaydollar.com\/privacy-policy-todaydollar-com\/"},"modified":"2025-10-07T15:32:08","modified_gmt":"2025-10-07T20:32:08","slug":"privacy-policy-todaydollar-com","status":"publish","type":"page","link":"https:\/\/todaydollar.com\/en\/privacy-policy-todaydollar-com\/","title":{"rendered":"Privacy Policy \u2013 TodayDollar.com"},"content":{"rendered":"\n<p>At <strong>TodayDollar.com<\/strong> we respect and protect the privacy of our users. Therefore, this document clearly explains how we collect, use, store and protect the personal information of those who visit our website. In addition, by browsing our portal, you expressly accept the conditions described in this Privacy Policy.  <\/p>\n\n<hr class=\"wp-block-separator has-alpha-channel-opacity\"\/>\n\n<h2 class=\"wp-block-heading\" id=\"h-1-informacion-que-recopilamos\">1. Information We Collect<\/h2>\n\n<p>We may collect different types of information, including:<\/p>\n\n<ul class=\"wp-block-list\">\n<li><strong>Contact Information: such<\/strong> as name, email address, or other data that you choose to provide to us when subscribing to our newsletters, filling out contact forms, or participating in surveys.<\/li>\n\n\n\n<li><strong>Browsing information:<\/strong> including IP address, device type, browser used, pages visited, and time spent on the site.<\/li>\n\n\n\n<li><strong>Cookies and similar technologies:<\/strong> which we use to improve the user experience, remember your preferences, and analyze site traffic.<\/li>\n<\/ul>\n\n<p>In this way, we guarantee a transparent and limited collection of what is necessary.<\/p>\n\n<hr class=\"wp-block-separator has-alpha-channel-opacity\"\/>\n\n<h2 class=\"wp-block-heading\" id=\"h-2-uso-de-la-informacion\">2. Use of Information<\/h2>\n\n<p>The information collected is used exclusively for the following purposes:<\/p>\n\n<ul class=\"wp-block-list\">\n<li>Continuously improve the browsing experience in TodayDollar.com.<\/li>\n\n\n\n<li>Send updates, newsletters and content related to economics, finance and the dollar (if previously authorized by the user).<\/li>\n\n\n\n<li>To analyse browsing trends in order to optimise the structure and functionality of the site.<\/li>\n\n\n\n<li>Comply with our legal obligations when necessary.<\/li>\n<\/ul>\n\n<p>Consequently, the data is not used for purposes other than those described here.<\/p>\n\n<hr class=\"wp-block-separator has-alpha-channel-opacity\"\/>\n\n<h2 class=\"wp-block-heading\" id=\"h-3-proteccion-de-datos\">3. Data protection<\/h2>\n\n<p>At <strong>TodayDollar.com<\/strong> we implement reasonable technical and organizational measures to protect personal information from unauthorized access, loss, alteration, or improper disclosure. However, it is important to note that no electronic transmission or storage system is 100% secure. Therefore, although we adopt good security practices, there is always a residual risk that the user must consider.  <\/p>\n\n<hr class=\"wp-block-separator has-alpha-channel-opacity\"\/>\n\n<h2 class=\"wp-block-heading\" id=\"h-4-comparticion-de-informacion-con-terceros\">4. Sharing Information with Third Parties<\/h2>\n\n<p>We do not sell, rent or trade the personal data of our users.<\/p>\n\n<p>However, in certain circumstances, we may share information with:<\/p>\n\n<ul class=\"wp-block-list\">\n<li><strong>Technology service providers<\/strong> (e.g., web analytics tools or mailing platforms). Such suppliers act in strict confidence and solely for the purposes set out in this policy. <\/li>\n\n\n\n<li><strong>Competent authorities<\/strong>, only in the event of a legal requirement.<\/li>\n<\/ul>\n\n<p>In this way, we ensure that any data transfer is minimal and justified.<\/p>\n\n<hr class=\"wp-block-separator has-alpha-channel-opacity\"\/>\n\n<h2 class=\"wp-block-heading\" id=\"h-5-uso-de-cookies\">5. Use of cookies<\/h2>\n\n<p>The site uses its own and third-party cookies in order to:<\/p>\n\n<ul class=\"wp-block-list\">\n<li>Remember the user&#8217;s preferences.<\/li>\n\n\n\n<li>Analyze browsing patterns and improve content.<\/li>\n\n\n\n<li>Customize the content displayed.<\/li>\n<\/ul>\n\n<p>The user, however, can disable or delete cookies from their browser settings. However, you should be aware that some features of the site could be limited. <\/p>\n\n<hr class=\"wp-block-separator has-alpha-channel-opacity\"\/>\n\n<h2 class=\"wp-block-heading\" id=\"h-6-derechos-de-los-usuarios\">6. User rights<\/h2>\n\n<p>The user has the right to:<\/p>\n\n<ul class=\"wp-block-list\">\n<li>Access your personal data.<\/li>\n\n\n\n<li>Request the rectification or updating of your information.<\/li>\n\n\n\n<li>Request the deletion of your data when it is no longer needed.<\/li>\n\n\n\n<li>Withdraw your consent at any time.<\/li>\n<\/ul>\n\n<p>To exercise these rights, it is sufficient for the user to contact us at the email: <strong>[your contact email]<\/strong>. Likewise, we will respond to each request within the established legal deadlines. <\/p>\n\n<hr class=\"wp-block-separator has-alpha-channel-opacity\"\/>\n\n<h2 class=\"wp-block-heading\" id=\"h-7-enlaces-a-sitios-de-terceros\">7. Links to Third-Party Sites<\/h2>\n\n<p>Links to other websites <strong>may TodayDollar.com<\/strong> included. However, we are not responsible for the privacy practices or the content of such external sites.  Therefore, we recommend that you always review their policies before providing any personal information.<\/p>\n\n<hr class=\"wp-block-separator has-alpha-channel-opacity\"\/>\n\n<h2 class=\"wp-block-heading\" id=\"h-8-cambios-en-la-politica-de-privacidad\">8. Changes to the Privacy Policy<\/h2>\n\n<p>We reserve the right to update or modify this Privacy Policy at any time. Accordingly, changes will be posted on this page and will be effective from the date they are posted.<\/p>\n\n<hr class=\"wp-block-separator has-alpha-channel-opacity\"\/>\n\n<h2 class=\"wp-block-heading\" id=\"h-9-contacto\">9. Contact<\/h2>\n\n<p>If you have questions, comments, or requests about this Privacy Policy, you may contact us at: <strong>[your contact email]<\/strong>. <strong>ontacto]<\/strong>.<\/p>\n\n<hr class=\"wp-block-separator has-alpha-channel-opacity\"\/>\n\n<p>\ud83d\udccc <em>Last updated: 23\/09\/2025<\/em><\/p>\n","protected":false},"excerpt":{"rendered":"<p>At TodayDollar.com we respect and protect the privacy of our users. Therefore, this document clearly explains how we collect, use, store and protect the personal &#8230; <a title=\"Privacy Policy \u2013 TodayDollar.com\" class=\"read-more\" href=\"https:\/\/todaydollar.com\/en\/privacy-policy-todaydollar-com\/\" aria-label=\"Read more about Privacy Policy \u2013 TodayDollar.com\">Leer Mas<\/a><\/p>\n","protected":false},"author":1,"featured_media":3720,"parent":0,"menu_order":0,"comment_status":"closed","ping_status":"closed","template":"","meta":{"footnotes":""},"class_list":{"0":"post-3719","1":"page","2":"type-page","3":"status-publish","4":"has-post-thumbnail","6":"resize-featured-image"},"yoast_head":"<!-- This site is optimized with the Yoast SEO Premium plugin v26.5 (Yoast SEO v26.5) - https:\/\/yoast.com\/wordpress\/plugins\/seo\/ -->\n<title>Privacy and Data Protection Policies %sepToday Dollar<\/title>\n<meta name=\"description\" content=\"Learn about our Privacy Policies in TodayDollar.com and how we protect your personal information while you browse.\" \/>\n<meta name=\"robots\" content=\"index, follow, max-snippet:-1, max-image-preview:large, max-video-preview:-1\" \/>\n<link rel=\"canonical\" href=\"https:\/\/todaydollar.com\/en\/privacy-policy-todaydollar-com\/\" \/>\n<meta property=\"og:locale\" content=\"en_US\" \/>\n<meta property=\"og:type\" content=\"article\" \/>\n<meta property=\"og:title\" content=\"Privacy Policy \u2013 TodayDollar.com\" \/>\n<meta property=\"og:description\" content=\"Learn about our Privacy Policies in TodayDollar.com and how we protect your personal information while you browse.\" \/>\n<meta property=\"og:url\" content=\"https:\/\/todaydollar.com\/en\/privacy-policy-todaydollar-com\/\" \/>\n<meta property=\"og:site_name\" content=\"Today Dollar\" \/>\n<meta property=\"article:publisher\" content=\"https:\/\/www.facebook.com\/codigodelmercado\" \/>\n<meta property=\"article:modified_time\" content=\"2025-10-07T20:32:08+00:00\" \/>\n<meta property=\"og:image\" content=\"https:\/\/todaydollar.com\/wp-content\/uploads\/2025\/09\/politicas-de-privacidad.webp\" \/>\n\t<meta property=\"og:image:width\" content=\"1919\" \/>\n\t<meta property=\"og:image:height\" content=\"1280\" \/>\n\t<meta property=\"og:image:type\" content=\"image\/webp\" \/>\n<meta name=\"twitter:card\" content=\"summary_large_image\" \/>\n<meta name=\"twitter:label1\" content=\"Est. reading time\" \/>\n\t<meta name=\"twitter:data1\" content=\"3 minutes\" \/>\n<script type=\"application\/ld+json\" class=\"yoast-schema-graph\">{\"@context\":\"https:\/\/schema.org\",\"@graph\":[{\"@type\":\"WebPage\",\"@id\":\"https:\/\/todaydollar.com\/en\/privacy-policy-todaydollar-com\/\",\"url\":\"https:\/\/todaydollar.com\/en\/privacy-policy-todaydollar-com\/\",\"name\":\"Privacy and Data Protection Policies %sepToday Dollar\",\"isPartOf\":{\"@id\":\"https:\/\/todaydollar.com\/en\/#website\"},\"primaryImageOfPage\":{\"@id\":\"https:\/\/todaydollar.com\/en\/privacy-policy-todaydollar-com\/#primaryimage\"},\"image\":{\"@id\":\"https:\/\/todaydollar.com\/en\/privacy-policy-todaydollar-com\/#primaryimage\"},\"thumbnailUrl\":\"https:\/\/todaydollar.com\/wp-content\/uploads\/2025\/09\/politicas-de-privacidad.webp\",\"datePublished\":\"2025-09-20T15:20:56+00:00\",\"dateModified\":\"2025-10-07T20:32:08+00:00\",\"description\":\"Learn about our Privacy Policies in TodayDollar.com and how we protect your personal information while you browse.\",\"breadcrumb\":{\"@id\":\"https:\/\/todaydollar.com\/en\/privacy-policy-todaydollar-com\/#breadcrumb\"},\"inLanguage\":\"en\",\"potentialAction\":[{\"@type\":\"ReadAction\",\"target\":[\"https:\/\/todaydollar.com\/en\/privacy-policy-todaydollar-com\/\"]}]},{\"@type\":\"ImageObject\",\"inLanguage\":\"en\",\"@id\":\"https:\/\/todaydollar.com\/en\/privacy-policy-todaydollar-com\/#primaryimage\",\"url\":\"https:\/\/todaydollar.com\/wp-content\/uploads\/2025\/09\/politicas-de-privacidad.webp\",\"contentUrl\":\"https:\/\/todaydollar.com\/wp-content\/uploads\/2025\/09\/politicas-de-privacidad.webp\",\"width\":1919,\"height\":1280,\"caption\":\"Pol\u00edticas de privacidad\"},{\"@type\":\"BreadcrumbList\",\"@id\":\"https:\/\/todaydollar.com\/en\/privacy-policy-todaydollar-com\/#breadcrumb\",\"itemListElement\":[{\"@type\":\"ListItem\",\"position\":1,\"name\":\"Inicio\",\"item\":\"https:\/\/todaydollar.com\/en\/\"},{\"@type\":\"ListItem\",\"position\":2,\"name\":\"Privacy Policy \u2013 TodayDollar.com\"}]},{\"@type\":\"WebSite\",\"@id\":\"https:\/\/todaydollar.com\/en\/#website\",\"url\":\"https:\/\/todaydollar.com\/en\/\",\"name\":\"Today Dollar\",\"description\":\"TodayDollar.com es tu portal de econom\u00eda, finanzas e inversiones. Explicamos el impacto del d\u00f3lar y los mercados globales en tu vida diaria con claridad y sencillez.\",\"publisher\":{\"@id\":\"https:\/\/todaydollar.com\/en\/#organization\"},\"alternateName\":\"El D\u00f3lar Hoy\",\"potentialAction\":[{\"@type\":\"SearchAction\",\"target\":{\"@type\":\"EntryPoint\",\"urlTemplate\":\"https:\/\/todaydollar.com\/en\/?s={search_term_string}\"},\"query-input\":{\"@type\":\"PropertyValueSpecification\",\"valueRequired\":true,\"valueName\":\"search_term_string\"}}],\"inLanguage\":\"en\"},{\"@type\":\"Organization\",\"@id\":\"https:\/\/todaydollar.com\/en\/#organization\",\"name\":\"Today Dollar\",\"alternateName\":\"El d\u00f3lar hoy\",\"url\":\"https:\/\/todaydollar.com\/en\/\",\"logo\":{\"@type\":\"ImageObject\",\"inLanguage\":\"en\",\"@id\":\"https:\/\/todaydollar.com\/en\/#\/schema\/logo\/image\/\",\"url\":\"https:\/\/todaydollar.com\/wp-content\/uploads\/2025\/09\/Logo-grande.png\",\"contentUrl\":\"https:\/\/todaydollar.com\/wp-content\/uploads\/2025\/09\/Logo-grande.png\",\"width\":1024,\"height\":1024,\"caption\":\"Today Dollar\"},\"image\":{\"@id\":\"https:\/\/todaydollar.com\/en\/#\/schema\/logo\/image\/\"},\"sameAs\":[\"https:\/\/www.facebook.com\/codigodelmercado\",\"https:\/\/www.youtube.com\/@codigodelmercado\",\"https:\/\/www.tiktok.com\/@codigodelmercado\"],\"description\":\"TodayDollar.com es un portal digital especializado en econom\u00eda, finanzas e inversiones. Explicamos de manera clara y sencilla el papel del d\u00f3lar en la econom\u00eda mundial, su impacto en los mercados globales y en la vida diaria de las personas. Publicamos art\u00edculos, gu\u00edas pr\u00e1cticas y an\u00e1lisis sobre finanzas personales, trading, ahorro e inversiones, con un enfoque accesible para lectores de Am\u00e9rica Latina, Europa y el mundo.\",\"legalName\":\"Today Dollar\",\"foundingDate\":\"2025-09-01\",\"numberOfEmployees\":{\"@type\":\"QuantitativeValue\",\"minValue\":\"1\",\"maxValue\":\"10\"}}]}<\/script>\n<!-- \/ Yoast SEO Premium plugin. -->","yoast_head_json":{"title":"Privacy and Data Protection Policies %sepToday Dollar","description":"Learn about our Privacy Policies in TodayDollar.com and how we protect your personal information while you browse.","robots":{"index":"index","follow":"follow","max-snippet":"max-snippet:-1","max-image-preview":"max-image-preview:large","max-video-preview":"max-video-preview:-1"},"canonical":"https:\/\/todaydollar.com\/en\/privacy-policy-todaydollar-com\/","og_locale":"en_US","og_type":"article","og_title":"Privacy Policy \u2013 TodayDollar.com","og_description":"Learn about our Privacy Policies in TodayDollar.com and how we protect your personal information while you browse.","og_url":"https:\/\/todaydollar.com\/en\/privacy-policy-todaydollar-com\/","og_site_name":"Today Dollar","article_publisher":"https:\/\/www.facebook.com\/codigodelmercado","article_modified_time":"2025-10-07T20:32:08+00:00","og_image":[{"width":1919,"height":1280,"url":"https:\/\/todaydollar.com\/wp-content\/uploads\/2025\/09\/politicas-de-privacidad.webp","type":"image\/webp"}],"twitter_card":"summary_large_image","twitter_misc":{"Est. reading time":"3 minutes"},"schema":{"@context":"https:\/\/schema.org","@graph":[{"@type":"WebPage","@id":"https:\/\/todaydollar.com\/en\/privacy-policy-todaydollar-com\/","url":"https:\/\/todaydollar.com\/en\/privacy-policy-todaydollar-com\/","name":"Privacy and Data Protection Policies %sepToday Dollar","isPartOf":{"@id":"https:\/\/todaydollar.com\/en\/#website"},"primaryImageOfPage":{"@id":"https:\/\/todaydollar.com\/en\/privacy-policy-todaydollar-com\/#primaryimage"},"image":{"@id":"https:\/\/todaydollar.com\/en\/privacy-policy-todaydollar-com\/#primaryimage"},"thumbnailUrl":"https:\/\/todaydollar.com\/wp-content\/uploads\/2025\/09\/politicas-de-privacidad.webp","datePublished":"2025-09-20T15:20:56+00:00","dateModified":"2025-10-07T20:32:08+00:00","description":"Learn about our Privacy Policies in TodayDollar.com and how we protect your personal information while you browse.","breadcrumb":{"@id":"https:\/\/todaydollar.com\/en\/privacy-policy-todaydollar-com\/#breadcrumb"},"inLanguage":"en","potentialAction":[{"@type":"ReadAction","target":["https:\/\/todaydollar.com\/en\/privacy-policy-todaydollar-com\/"]}]},{"@type":"ImageObject","inLanguage":"en","@id":"https:\/\/todaydollar.com\/en\/privacy-policy-todaydollar-com\/#primaryimage","url":"https:\/\/todaydollar.com\/wp-content\/uploads\/2025\/09\/politicas-de-privacidad.webp","contentUrl":"https:\/\/todaydollar.com\/wp-content\/uploads\/2025\/09\/politicas-de-privacidad.webp","width":1919,"height":1280,"caption":"Pol\u00edticas de privacidad"},{"@type":"BreadcrumbList","@id":"https:\/\/todaydollar.com\/en\/privacy-policy-todaydollar-com\/#breadcrumb","itemListElement":[{"@type":"ListItem","position":1,"name":"Inicio","item":"https:\/\/todaydollar.com\/en\/"},{"@type":"ListItem","position":2,"name":"Privacy Policy \u2013 TodayDollar.com"}]},{"@type":"WebSite","@id":"https:\/\/todaydollar.com\/en\/#website","url":"https:\/\/todaydollar.com\/en\/","name":"Today Dollar","description":"TodayDollar.com es tu portal de econom\u00eda, finanzas e inversiones. Explicamos el impacto del d\u00f3lar y los mercados globales en tu vida diaria con claridad y sencillez.","publisher":{"@id":"https:\/\/todaydollar.com\/en\/#organization"},"alternateName":"El D\u00f3lar Hoy","potentialAction":[{"@type":"SearchAction","target":{"@type":"EntryPoint","urlTemplate":"https:\/\/todaydollar.com\/en\/?s={search_term_string}"},"query-input":{"@type":"PropertyValueSpecification","valueRequired":true,"valueName":"search_term_string"}}],"inLanguage":"en"},{"@type":"Organization","@id":"https:\/\/todaydollar.com\/en\/#organization","name":"Today Dollar","alternateName":"El d\u00f3lar hoy","url":"https:\/\/todaydollar.com\/en\/","logo":{"@type":"ImageObject","inLanguage":"en","@id":"https:\/\/todaydollar.com\/en\/#\/schema\/logo\/image\/","url":"https:\/\/todaydollar.com\/wp-content\/uploads\/2025\/09\/Logo-grande.png","contentUrl":"https:\/\/todaydollar.com\/wp-content\/uploads\/2025\/09\/Logo-grande.png","width":1024,"height":1024,"caption":"Today Dollar"},"image":{"@id":"https:\/\/todaydollar.com\/en\/#\/schema\/logo\/image\/"},"sameAs":["https:\/\/www.facebook.com\/codigodelmercado","https:\/\/www.youtube.com\/@codigodelmercado","https:\/\/www.tiktok.com\/@codigodelmercado"],"description":"TodayDollar.com es un portal digital especializado en econom\u00eda, finanzas e inversiones. Explicamos de manera clara y sencilla el papel del d\u00f3lar en la econom\u00eda mundial, su impacto en los mercados globales y en la vida diaria de las personas. Publicamos art\u00edculos, gu\u00edas pr\u00e1cticas y an\u00e1lisis sobre finanzas personales, trading, ahorro e inversiones, con un enfoque accesible para lectores de Am\u00e9rica Latina, Europa y el mundo.","legalName":"Today Dollar","foundingDate":"2025-09-01","numberOfEmployees":{"@type":"QuantitativeValue","minValue":"1","maxValue":"10"}}]}},"_links":{"self":[{"href":"https:\/\/todaydollar.com\/en\/wp-json\/wp\/v2\/pages\/3719","targetHints":{"allow":["GET"]}}],"collection":[{"href":"https:\/\/todaydollar.com\/en\/wp-json\/wp\/v2\/pages"}],"about":[{"href":"https:\/\/todaydollar.com\/en\/wp-json\/wp\/v2\/types\/page"}],"author":[{"embeddable":true,"href":"https:\/\/todaydollar.com\/en\/wp-json\/wp\/v2\/users\/1"}],"replies":[{"embeddable":true,"href":"https:\/\/todaydollar.com\/en\/wp-json\/wp\/v2\/comments?post=3719"}],"version-history":[{"count":1,"href":"https:\/\/todaydollar.com\/en\/wp-json\/wp\/v2\/pages\/3719\/revisions"}],"predecessor-version":[{"id":3721,"href":"https:\/\/todaydollar.com\/en\/wp-json\/wp\/v2\/pages\/3719\/revisions\/3721"}],"wp:featuredmedia":[{"embeddable":true,"href":"https:\/\/todaydollar.com\/en\/wp-json\/wp\/v2\/media\/3720"}],"wp:attachment":[{"href":"https:\/\/todaydollar.com\/en\/wp-json\/wp\/v2\/media?parent=3719"}],"curies":[{"name":"wp","href":"https:\/\/api.w.org\/{rel}","templated":true}]}}