{"id":3731,"date":"2020-09-15T17:25:28","date_gmt":"2020-09-15T22:25:28","guid":{"rendered":"https:\/\/todaydollar.com\/contact\/"},"modified":"2025-10-07T15:22:56","modified_gmt":"2025-10-07T20:22:56","slug":"contact-en","status":"publish","type":"page","link":"https:\/\/todaydollar.com\/en\/contact-en\/","title":{"rendered":"Contact"},"content":{"rendered":"\n<div class=\"gb-element-31a8a9d8\">\n<div class=\"gb-element-f361080d\">\n<p class=\"gb-text-18939907\"><span class=\"gb-shape\"><svg xmlns=\"http:\/\/www.w3.org\/2000\/svg\" width=\"682pt\" viewbox=\"-119 -21 682 682.667\" height=\"682pt\"><path fill=\"CurrentColor\" d=\"m216.210938 0c-122.664063 0-222.460938 99.796875-222.460938 222.460938 0 154.175781 222.679688 417.539062 222.679688 417.539062s222.242187-270.945312 222.242187-417.539062c0-122.664063-99.792969-222.460938-222.460937-222.460938zm67.121093 287.597656c-18.507812 18.503906-42.8125 27.757813-67.121093 27.757813-24.304688 0-48.617188-9.253907-67.117188-27.757813-37.011719-37.007812-37.011719-97.226562 0-134.238281 17.921875-17.929687 41.761719-27.804687 67.117188-27.804687 25.355468 0 49.191406 9.878906 67.121093 27.804687 37.011719 37.011719 37.011719 97.230469 0 134.238281zm0 0\"><\/path><\/svg><\/span><span class=\"gb-text\">Chiclayo &#8211; Lambayeque<br>Peru<\/span><\/p>\n\n\n\n<p class=\"gb-text-8a62af76\"><span class=\"gb-shape\"><svg xmlns=\"http:\/\/www.w3.org\/2000\/svg\" aria-hidden=\"true\" role=\"img\" height=\"1em\" width=\"1em\" viewbox=\"0 0 448 512\"><path fill=\"currentColor\" d=\"M380.9 97.1C339 55.1 283.2 32 223.9 32c-122.4 0-222 99.6-222 222 0 39.1 10.2 77.3 29.6 111L0 480l117.7-30.9c32.4 17.7 68.9 27 106.1 27h.1c122.3 0 224.1-99.6 224.1-222 0-59.3-25.2-115-67.1-157zm-157 341.6c-33.2 0-65.7-8.9-94-25.7l-6.7-4-69.8 18.3L72 359.2l-4.4-7c-18.5-29.4-28.2-63.3-28.2-98.2 0-101.7 82.8-184.5 184.6-184.5 49.3 0 95.6 19.2 130.4 54.1 34.8 34.9 56.2 81.2 56.1 130.5 0 101.8-84.9 184.6-186.6 184.6zm101.2-138.2c-5.5-2.8-32.8-16.2-37.9-18-5.1-1.9-8.8-2.8-12.5 2.8-3.7 5.6-14.3 18-17.6 21.8-3.2 3.7-6.5 4.2-12 1.4-32.6-16.3-54-29.1-75.5-66-5.7-9.8 5.7-9.1 16.3-30.3 1.8-3.7.9-6.9-.5-9.7-1.4-2.8-12.5-30.1-17.1-41.2-4.5-10.8-9.1-9.3-12.5-9.5-3.2-.2-6.9-.2-10.6-.2-3.7 0-9.7 1.4-14.8 6.9-5.1 5.6-19.4 19-19.4 46.3 0 27.3 19.9 53.7 22.6 57.4 2.8 3.7 39.1 59.7 94.8 83.8 35.2 15.2 49 16.5 66.6 13.9 10.7-1.6 32.8-13.4 37.4-26.4 4.6-13 4.6-24.1 3.2-26.4-1.3-2.5-5-3.9-10.5-6.6z\"><\/path><\/svg><\/span><span class=\"gb-text\">+51 973 437 582<\/span><\/p>\n\n\n\n<p class=\"gb-text-766f9a7a\"><span class=\"gb-shape\"><svg xmlns=\"http:\/\/www.w3.org\/2000\/svg\" aria-hidden=\"true\" role=\"img\" height=\"1em\" width=\"1em\" viewbox=\"0 0 512 512\"><path fill=\"currentColor\" d=\"M464 64H48C21.49 64 0 85.49 0 112v288c0 26.51 21.49 48 48 48h416c26.51 0 48-21.49 48-48V112c0-26.51-21.49-48-48-48zm0 48v40.805c-22.422 18.259-58.168 46.651-134.587 106.49-16.841 13.247-50.201 45.072-73.413 44.701-23.208.375-56.579-31.459-73.413-44.701C106.18 199.465 70.425 171.067 48 152.805V112h416zM48 400V214.398c22.914 18.251 55.409 43.862 104.938 82.646 21.857 17.205 60.134 55.186 103.062 54.955 42.717.231 80.509-37.199 103.053-54.947 49.528-38.783 82.032-64.401 104.947-82.653V400H48z\"><\/path><\/svg><\/span><span class=\"gb-text\">Info@todaydollar.com<\/span><\/p>\n<\/div>\n\n\n\n<div class=\"gb-element-75a49c4a\">\n<h6 class=\"gb-text gb-text-c3696bbd\"><strong>Complete your information to get in touch with us.<\/strong><\/h6>\n\n\n\n<div class=\"wpcf7 no-js\" id=\"wpcf7-f3806-o1\" lang=\"en\" dir=\"ltr\" data-wpcf7-id=\"3806\">\n<div class=\"screen-reader-response\"><p role=\"status\" aria-live=\"polite\" aria-atomic=\"true\"><\/p> <ul><\/ul><\/div>\n<form action=\"\/en\/wp-json\/wp\/v2\/pages\/3731#wpcf7-f3806-o1\" method=\"post\" class=\"wpcf7-form init\" aria-label=\"Contact form\" novalidate=\"novalidate\" data-status=\"init\">\n<fieldset class=\"hidden-fields-container\"><input type=\"hidden\" name=\"_wpcf7\" value=\"3806\" \/><input type=\"hidden\" name=\"_wpcf7_version\" value=\"6.1.4\" \/><input type=\"hidden\" name=\"_wpcf7_locale\" value=\"en\" \/><input type=\"hidden\" name=\"_wpcf7_unit_tag\" value=\"wpcf7-f3806-o1\" \/><input type=\"hidden\" name=\"_wpcf7_container_post\" value=\"0\" \/><input type=\"hidden\" name=\"_wpcf7_posted_data_hash\" value=\"\" \/>\n<\/fieldset>\n<p><label> Name and Surname:<br \/>\n<span class=\"wpcf7-form-control-wrap\" data-name=\"your-name\"><input size=\"40\" maxlength=\"400\" class=\"wpcf7-form-control wpcf7-text wpcf7-validates-as-required\" autocomplete=\"name\" aria-required=\"true\" aria-invalid=\"false\" value=\"\" type=\"text\" name=\"your-name\" \/><\/span> <\/label>\n<\/p>\n<p><label> Email:<br \/>\n<span class=\"wpcf7-form-control-wrap\" data-name=\"your-email\"><input size=\"40\" maxlength=\"400\" class=\"wpcf7-form-control wpcf7-email wpcf7-validates-as-required wpcf7-text wpcf7-validates-as-email\" autocomplete=\"email\" aria-required=\"true\" aria-invalid=\"false\" value=\"\" type=\"email\" name=\"your-email\" \/><\/span> <\/label>\n<\/p>\n<p><label> Subject:<br \/>\n<span class=\"wpcf7-form-control-wrap\" data-name=\"your-subject\"><input size=\"40\" maxlength=\"400\" class=\"wpcf7-form-control wpcf7-text wpcf7-validates-as-required\" aria-required=\"true\" aria-invalid=\"false\" value=\"\" type=\"text\" name=\"your-subject\" \/><\/span> <\/label>\n<\/p>\n<p><label> Message (optional):<br \/>\n<span class=\"wpcf7-form-control-wrap\" data-name=\"your-message\"><textarea cols=\"40\" rows=\"10\" maxlength=\"2000\" class=\"wpcf7-form-control wpcf7-textarea\" aria-invalid=\"false\" name=\"your-message\"><\/textarea><\/span> <\/label>\n<\/p>\n<p><input class=\"wpcf7-form-control wpcf7-submit has-spinner\" type=\"submit\" value=\"Submit\" \/>\n<\/p><div class=\"wpcf7-response-output\" aria-hidden=\"true\"><\/div>\n<\/form>\n<\/div>\n\n<\/div>\n<\/div>\n","protected":false},"excerpt":{"rendered":"<p>Chiclayo &#8211; LambayequePeru +51 973 437 582 Info@todaydollar.com Complete your information to get in touch with us.<\/p>\n","protected":false},"author":1,"featured_media":0,"parent":0,"menu_order":0,"comment_status":"closed","ping_status":"closed","template":"","meta":{"footnotes":""},"class_list":["post-3731","page","type-page","status-publish"],"yoast_head":"<!-- This site is optimized with the Yoast SEO Premium plugin v26.5 (Yoast SEO v26.5) - https:\/\/yoast.com\/wordpress\/plugins\/seo\/ -->\n<title>Contact - Today Dollar<\/title>\n<meta name=\"robots\" content=\"index, follow, max-snippet:-1, max-image-preview:large, max-video-preview:-1\" \/>\n<link rel=\"canonical\" href=\"https:\/\/todaydollar.com\/en\/contact-en\/\" \/>\n<meta property=\"og:locale\" content=\"en_US\" \/>\n<meta property=\"og:type\" content=\"article\" \/>\n<meta property=\"og:title\" content=\"Contact\" \/>\n<meta property=\"og:description\" content=\"Chiclayo &#8211; LambayequePeru +51 973 437 582 Info@todaydollar.com Complete your information to get in touch with us.\" \/>\n<meta property=\"og:url\" content=\"https:\/\/todaydollar.com\/en\/contact-en\/\" \/>\n<meta property=\"og:site_name\" content=\"Today Dollar\" \/>\n<meta property=\"article:publisher\" content=\"https:\/\/www.facebook.com\/codigodelmercado\" \/>\n<meta property=\"article:modified_time\" content=\"2025-10-07T20:22:56+00:00\" \/>\n<meta property=\"og:image\" content=\"https:\/\/todaydollar.com\/wp-content\/uploads\/2025\/09\/Logo-grande.png\" \/>\n\t<meta property=\"og:image:width\" content=\"1024\" \/>\n\t<meta property=\"og:image:height\" content=\"1024\" \/>\n\t<meta property=\"og:image:type\" content=\"image\/png\" \/>\n<meta name=\"twitter:card\" content=\"summary_large_image\" \/>\n<script type=\"application\/ld+json\" class=\"yoast-schema-graph\">{\"@context\":\"https:\/\/schema.org\",\"@graph\":[{\"@type\":\"WebPage\",\"@id\":\"https:\/\/todaydollar.com\/en\/contact-en\/\",\"url\":\"https:\/\/todaydollar.com\/en\/contact-en\/\",\"name\":\"Contact - Today Dollar\",\"isPartOf\":{\"@id\":\"https:\/\/todaydollar.com\/en\/#website\"},\"datePublished\":\"2020-09-15T22:25:28+00:00\",\"dateModified\":\"2025-10-07T20:22:56+00:00\",\"breadcrumb\":{\"@id\":\"https:\/\/todaydollar.com\/en\/contact-en\/#breadcrumb\"},\"inLanguage\":\"en\",\"potentialAction\":[{\"@type\":\"ReadAction\",\"target\":[\"https:\/\/todaydollar.com\/en\/contact-en\/\"]}]},{\"@type\":\"BreadcrumbList\",\"@id\":\"https:\/\/todaydollar.com\/en\/contact-en\/#breadcrumb\",\"itemListElement\":[{\"@type\":\"ListItem\",\"position\":1,\"name\":\"Inicio\",\"item\":\"https:\/\/todaydollar.com\/en\/\"},{\"@type\":\"ListItem\",\"position\":2,\"name\":\"Contact\"}]},{\"@type\":\"WebSite\",\"@id\":\"https:\/\/todaydollar.com\/en\/#website\",\"url\":\"https:\/\/todaydollar.com\/en\/\",\"name\":\"Today Dollar\",\"description\":\"TodayDollar.com es tu portal de econom\u00eda, finanzas e inversiones. Explicamos el impacto del d\u00f3lar y los mercados globales en tu vida diaria con claridad y sencillez.\",\"publisher\":{\"@id\":\"https:\/\/todaydollar.com\/en\/#organization\"},\"alternateName\":\"El D\u00f3lar Hoy\",\"potentialAction\":[{\"@type\":\"SearchAction\",\"target\":{\"@type\":\"EntryPoint\",\"urlTemplate\":\"https:\/\/todaydollar.com\/en\/?s={search_term_string}\"},\"query-input\":{\"@type\":\"PropertyValueSpecification\",\"valueRequired\":true,\"valueName\":\"search_term_string\"}}],\"inLanguage\":\"en\"},{\"@type\":\"Organization\",\"@id\":\"https:\/\/todaydollar.com\/en\/#organization\",\"name\":\"Today Dollar\",\"alternateName\":\"El d\u00f3lar hoy\",\"url\":\"https:\/\/todaydollar.com\/en\/\",\"logo\":{\"@type\":\"ImageObject\",\"inLanguage\":\"en\",\"@id\":\"https:\/\/todaydollar.com\/en\/#\/schema\/logo\/image\/\",\"url\":\"https:\/\/todaydollar.com\/wp-content\/uploads\/2025\/09\/Logo-grande.png\",\"contentUrl\":\"https:\/\/todaydollar.com\/wp-content\/uploads\/2025\/09\/Logo-grande.png\",\"width\":1024,\"height\":1024,\"caption\":\"Today Dollar\"},\"image\":{\"@id\":\"https:\/\/todaydollar.com\/en\/#\/schema\/logo\/image\/\"},\"sameAs\":[\"https:\/\/www.facebook.com\/codigodelmercado\",\"https:\/\/www.youtube.com\/@codigodelmercado\",\"https:\/\/www.tiktok.com\/@codigodelmercado\"],\"description\":\"TodayDollar.com es un portal digital especializado en econom\u00eda, finanzas e inversiones. Explicamos de manera clara y sencilla el papel del d\u00f3lar en la econom\u00eda mundial, su impacto en los mercados globales y en la vida diaria de las personas. Publicamos art\u00edculos, gu\u00edas pr\u00e1cticas y an\u00e1lisis sobre finanzas personales, trading, ahorro e inversiones, con un enfoque accesible para lectores de Am\u00e9rica Latina, Europa y el mundo.\",\"legalName\":\"Today Dollar\",\"foundingDate\":\"2025-09-01\",\"numberOfEmployees\":{\"@type\":\"QuantitativeValue\",\"minValue\":\"1\",\"maxValue\":\"10\"}}]}<\/script>\n<!-- \/ Yoast SEO Premium plugin. -->","yoast_head_json":{"title":"Contact - Today Dollar","robots":{"index":"index","follow":"follow","max-snippet":"max-snippet:-1","max-image-preview":"max-image-preview:large","max-video-preview":"max-video-preview:-1"},"canonical":"https:\/\/todaydollar.com\/en\/contact-en\/","og_locale":"en_US","og_type":"article","og_title":"Contact","og_description":"Chiclayo &#8211; LambayequePeru +51 973 437 582 Info@todaydollar.com Complete your information to get in touch with us.","og_url":"https:\/\/todaydollar.com\/en\/contact-en\/","og_site_name":"Today Dollar","article_publisher":"https:\/\/www.facebook.com\/codigodelmercado","article_modified_time":"2025-10-07T20:22:56+00:00","og_image":[{"width":1024,"height":1024,"url":"https:\/\/todaydollar.com\/wp-content\/uploads\/2025\/09\/Logo-grande.png","type":"image\/png"}],"twitter_card":"summary_large_image","schema":{"@context":"https:\/\/schema.org","@graph":[{"@type":"WebPage","@id":"https:\/\/todaydollar.com\/en\/contact-en\/","url":"https:\/\/todaydollar.com\/en\/contact-en\/","name":"Contact - Today Dollar","isPartOf":{"@id":"https:\/\/todaydollar.com\/en\/#website"},"datePublished":"2020-09-15T22:25:28+00:00","dateModified":"2025-10-07T20:22:56+00:00","breadcrumb":{"@id":"https:\/\/todaydollar.com\/en\/contact-en\/#breadcrumb"},"inLanguage":"en","potentialAction":[{"@type":"ReadAction","target":["https:\/\/todaydollar.com\/en\/contact-en\/"]}]},{"@type":"BreadcrumbList","@id":"https:\/\/todaydollar.com\/en\/contact-en\/#breadcrumb","itemListElement":[{"@type":"ListItem","position":1,"name":"Inicio","item":"https:\/\/todaydollar.com\/en\/"},{"@type":"ListItem","position":2,"name":"Contact"}]},{"@type":"WebSite","@id":"https:\/\/todaydollar.com\/en\/#website","url":"https:\/\/todaydollar.com\/en\/","name":"Today Dollar","description":"TodayDollar.com es tu portal de econom\u00eda, finanzas e inversiones. Explicamos el impacto del d\u00f3lar y los mercados globales en tu vida diaria con claridad y sencillez.","publisher":{"@id":"https:\/\/todaydollar.com\/en\/#organization"},"alternateName":"El D\u00f3lar Hoy","potentialAction":[{"@type":"SearchAction","target":{"@type":"EntryPoint","urlTemplate":"https:\/\/todaydollar.com\/en\/?s={search_term_string}"},"query-input":{"@type":"PropertyValueSpecification","valueRequired":true,"valueName":"search_term_string"}}],"inLanguage":"en"},{"@type":"Organization","@id":"https:\/\/todaydollar.com\/en\/#organization","name":"Today Dollar","alternateName":"El d\u00f3lar hoy","url":"https:\/\/todaydollar.com\/en\/","logo":{"@type":"ImageObject","inLanguage":"en","@id":"https:\/\/todaydollar.com\/en\/#\/schema\/logo\/image\/","url":"https:\/\/todaydollar.com\/wp-content\/uploads\/2025\/09\/Logo-grande.png","contentUrl":"https:\/\/todaydollar.com\/wp-content\/uploads\/2025\/09\/Logo-grande.png","width":1024,"height":1024,"caption":"Today Dollar"},"image":{"@id":"https:\/\/todaydollar.com\/en\/#\/schema\/logo\/image\/"},"sameAs":["https:\/\/www.facebook.com\/codigodelmercado","https:\/\/www.youtube.com\/@codigodelmercado","https:\/\/www.tiktok.com\/@codigodelmercado"],"description":"TodayDollar.com es un portal digital especializado en econom\u00eda, finanzas e inversiones. Explicamos de manera clara y sencilla el papel del d\u00f3lar en la econom\u00eda mundial, su impacto en los mercados globales y en la vida diaria de las personas. Publicamos art\u00edculos, gu\u00edas pr\u00e1cticas y an\u00e1lisis sobre finanzas personales, trading, ahorro e inversiones, con un enfoque accesible para lectores de Am\u00e9rica Latina, Europa y el mundo.","legalName":"Today Dollar","foundingDate":"2025-09-01","numberOfEmployees":{"@type":"QuantitativeValue","minValue":"1","maxValue":"10"}}]}},"_links":{"self":[{"href":"https:\/\/todaydollar.com\/en\/wp-json\/wp\/v2\/pages\/3731","targetHints":{"allow":["GET"]}}],"collection":[{"href":"https:\/\/todaydollar.com\/en\/wp-json\/wp\/v2\/pages"}],"about":[{"href":"https:\/\/todaydollar.com\/en\/wp-json\/wp\/v2\/types\/page"}],"author":[{"embeddable":true,"href":"https:\/\/todaydollar.com\/en\/wp-json\/wp\/v2\/users\/1"}],"replies":[{"embeddable":true,"href":"https:\/\/todaydollar.com\/en\/wp-json\/wp\/v2\/comments?post=3731"}],"version-history":[{"count":1,"href":"https:\/\/todaydollar.com\/en\/wp-json\/wp\/v2\/pages\/3731\/revisions"}],"predecessor-version":[{"id":3732,"href":"https:\/\/todaydollar.com\/en\/wp-json\/wp\/v2\/pages\/3731\/revisions\/3732"}],"wp:attachment":[{"href":"https:\/\/todaydollar.com\/en\/wp-json\/wp\/v2\/media?parent=3731"}],"curies":[{"name":"wp","href":"https:\/\/api.w.org\/{rel}","templated":true}]}}